{"id":1867,"date":"2025-07-03T23:59:53","date_gmt":"2025-07-04T04:59:53","guid":{"rendered":"https:\/\/strenainmobiliaria.com\/?page_id=1867"},"modified":"2025-07-15T10:04:26","modified_gmt":"2025-07-15T15:04:26","slug":"politica-de-privacidad","status":"publish","type":"page","link":"https:\/\/strenainmobiliaria.com\/index.php\/politica-de-privacidad\/","title":{"rendered":"Pol\u00edtica de privacidad"},"content":{"rendered":"\t\t<div data-elementor-type=\"wp-page\" data-elementor-id=\"1867\" class=\"elementor elementor-1867\" data-elementor-post-type=\"page\">\n\t\t\t\t<div class=\"elementor-element elementor-element-ca8029b e-con-full e-flex e-con e-parent\" data-id=\"ca8029b\" data-element_type=\"container\">\n\t\t\t\t<div class=\"elementor-element elementor-element-84c0cf8 elementor-widget elementor-widget-text-editor\" data-id=\"84c0cf8\" data-element_type=\"widget\" data-widget_type=\"text-editor.default\">\n\t\t\t\t<div class=\"elementor-widget-container\">\n\t\t\t\t\t\t\t\t\t<h2 class=\"elementor-heading-title elementor-size-default\">Politicas de privacidad<\/h2>\t\t\t\t\t\t\t\t<\/div>\n\t\t\t\t<\/div>\n\t\t\t\t<div class=\"elementor-element elementor-element-ebeefa0 elementor-widget elementor-widget-text-editor\" data-id=\"ebeefa0\" data-element_type=\"widget\" data-widget_type=\"text-editor.default\">\n\t\t\t\t<div class=\"elementor-widget-container\">\n\t\t\t\t\t\t\t\t\t<p>La presente recoge las Pol\u00edticas de Privacidad de Strena Inmobiliaria e informa sobre el tratamiento de los datos personales de posibles clientes e interesados en los productos de la inmobiliaria, en cumplimiento de la Ley N\u00b0 29733, Ley de Protecci\u00f3n de Datos Personales y su Reglamento aprobado por el Decreto Supremo N\u00b0 003-2013-JUS. Los datos personales en menci\u00f3n son aquellos que los clientes nos proporcionen en los siguientes canales: formularios de la p\u00e1gina web de Strena Inmobiliaria, correo electr\u00f3nico, servicios de mensajer\u00eda instant\u00e1nea (WhatsApp, SMS o similares), llamadas telef\u00f3nicas y las redes sociales en las que se encuentra la inmobiliaria como Facebook, Instagram, Linkedin, YouTube y TikTok.<\/p><p>OTORGAMIENTO DEL CONSENTIMIENTO<\/p><p>Su registro en alguno de los canales mencionados anteriormente constituye el consentimiento libre, previo, informado, expreso e inequ\u00edvoco requerido por Ley que usted otorga a la empresa Strena Inmobiliaria con RUC: 20612249181 (en adelante, Strena) para efectuar el tratamiento de sus datos personales. Se deja claramente establecido que el tratamiento autorizado a Strena incluye las siguientes actividades: recopilar, registrar, organizar, almacenar, conservar, extraer, consultar, utilizar y suprimir los datos personales registrados. Por favor, tome en cuenta que, si tiene menos de 18 a\u00f1os, debe obtener el permiso de alguno de sus padres o tutor antes de proporcionarnos cualquier dato personal. No se permite a los usuarios que no tengan este consentimiento brindarnos sus datos personales.<\/p><p>BANCO DE DATOS<\/p><p>Mediante la presente Pol\u00edticas de Privacidad se informa tambi\u00e9n que los datos personales que registre en alguno de los canales anteriormente mencionados ser\u00e1n almacenados en las bases de datos de Strena con los correspondientes nombres:<\/p><p>Contactos Web<\/p><p>Contactos de WhatsApp<\/p><p>Contactos de Facebook<\/p><p>Contactos de Instagram<\/p><p>Contactos de Linkedin<\/p><p>Contactos de YouTube<\/p><p>Contactos de TikTok<\/p><p>INFORMACI\u00d3N RECOLECTADA<\/p><p>Si usted busca contactarnos para formular cualquier consulta y\/o efectuar alg\u00fan requerimiento, le solicitaremos la siguiente informaci\u00f3n:<\/p><p>Nombre<\/p><p>Apellidos<\/p><p>E-mail<\/p><p>Tel\u00e9fono<\/p><p>DNI<\/p><p>Distrito<\/p><p>Proyecto<\/p><p>Tipolog\u00eda<\/p><p>Dormitorios<\/p><p>Mensaje<\/p><p>No es necesario que nos proporcione ning\u00fan dato adicional.<\/p><p>FINALIDADES<\/p><p>Si usted brinda su consentimiento, su informaci\u00f3n personal ser\u00e1 utilizada para las siguientes finalidades:<\/p><p>Resolver sus consultas o proporcionarle cualquier informaci\u00f3n sobre nuestros productos y\/o servicios siempre que usted los haya solicitado previamente.<br \/>Por favor, recuerde que, para el cumplimiento de la finalidad descrita, su autorizaci\u00f3n es obligatoria; por lo que, de no brindarla, Strena se encontrar\u00e1 impedida de resolver sus consultas o proporcionarle cualquier tipo de informaci\u00f3n.<\/p><p>Remitir publicidad comercial a su correo electr\u00f3nico y\/o al tel\u00e9fono celular registrado sobre los proyectos de Strena.<br \/>Por favor, tome en cuenta que en este caso su autorizaci\u00f3n es facultativa; pero de no brindarla, no podr\u00e1 conocer las novedades de nuestros proyectos.<\/p><p>TRANSFERENCIA DE DATOS PERSONALES<\/p><p>Strena recibir\u00e1 la informaci\u00f3n remitida y la redireccionar\u00e1 al \u00e1rea correspondiente a fin de que el registro y\/o la solicitud formulada sean oportunamente atendidos. No compartimos su informaci\u00f3n con ning\u00fan tercero.<\/p><p>TIEMPO DE CONSERVACI\u00d3N<\/p><p>Los datos personales recibidos ser\u00e1n conservados por Strena durante el tiempo que resulte necesario para cumplir con la finalidad de resolver las consultas pertinentes o proporcionar cualquier informaci\u00f3n sobre nuestros proyectos y ser\u00e1n eliminados de nuestros registros luego de transcurrido un plazo de 10 a\u00f1os desde la remisi\u00f3n de nuestra respuesta.<\/p><p>Del mismo modo, los datos que nos ha proporcionado para remitir publicidad comercial a su correo electr\u00f3nico y\/o al tel\u00e9fono celular registrado sobre los proyectos de Strena ser\u00e1n conservados por Strena durante un plazo de 10 a\u00f1os contados desde la remisi\u00f3n de su autorizaci\u00f3n.<\/p><p>MEDIDAS DE SEGURIDAD<\/p><p>Strena le informa que ha adoptado las medidas legales, t\u00e9cnicas y organizativas necesarias para garantizar la seguridad y confidencialidad de la informaci\u00f3n proporcionada. Nuestra empresa se preocupa por evitar cualquier tipo de manipulaci\u00f3n indebida, p\u00e9rdida accidental, destrucci\u00f3n o acceso no autorizado, alteraci\u00f3n y\/o robo de los datos que nos ha facilitado.<\/p><p>MODIFICACI\u00d3N DE LA POL\u00cdTICA DE PRIVACIDAD<\/p><p>Strena se reserva el derecho a modificar la presente Pol\u00edtica de Privacidad. Es por ello, que le sugerimos que lea atentamente los t\u00e9rminos y condiciones cada vez que acceda a nuestros canales oficiales para consultar los cambios que puedan haber existido.<\/p>\t\t\t\t\t\t\t\t<\/div>\n\t\t\t\t<\/div>\n\t\t\t\t<\/div>\n\t\t<div class=\"elementor-element elementor-element-4d4ed4c e-con-full e-flex e-con e-parent\" data-id=\"4d4ed4c\" data-element_type=\"container\" data-settings=\"{&quot;background_background&quot;:&quot;classic&quot;}\">\n\t\t<div class=\"elementor-element elementor-element-d840372 e-con-full e-flex e-con e-child\" data-id=\"d840372\" data-element_type=\"container\">\n\t\t<div class=\"elementor-element elementor-element-1931a51 e-con-full e-flex e-con e-child\" data-id=\"1931a51\" data-element_type=\"container\">\n\t\t<div class=\"elementor-element elementor-element-2b3bd7d e-con-full e-flex e-con e-child\" data-id=\"2b3bd7d\" data-element_type=\"container\">\n\t\t\t\t<div class=\"elementor-element elementor-element-40dd88e elementor-widget elementor-widget-image\" data-id=\"40dd88e\" data-element_type=\"widget\" data-widget_type=\"image.default\">\n\t\t\t\t<div class=\"elementor-widget-container\">\n\t\t\t\t\t\t\t\t\t\t\t\t\t\t\t<img decoding=\"async\" width=\"140\" height=\"137\" src=\"https:\/\/strenainmobiliaria.com\/wp-content\/uploads\/2025\/06\/Capa_12.png\" class=\"attachment-full size-full wp-image-363\" alt=\"\" \/>\t\t\t\t\t\t\t\t\t\t\t\t\t\t\t<\/div>\n\t\t\t\t<\/div>\n\t\t\t\t<\/div>\n\t\t<div class=\"elementor-element elementor-element-f38ae93 e-con-full e-flex e-con e-child\" data-id=\"f38ae93\" data-element_type=\"container\">\n\t\t\t\t<div class=\"elementor-element elementor-element-227ad52 elementor-widget elementor-widget-heading\" data-id=\"227ad52\" data-element_type=\"widget\" data-widget_type=\"heading.default\">\n\t\t\t\t<div class=\"elementor-widget-container\">\n\t\t\t\t\t<h6 class=\"elementor-heading-title elementor-size-default\">CONTACTO<\/h6>\t\t\t\t<\/div>\n\t\t\t\t<\/div>\n\t\t\t\t<div class=\"elementor-element elementor-element-f554584 elementor-widget elementor-widget-text-editor\" data-id=\"f554584\" data-element_type=\"widget\" data-widget_type=\"text-editor.default\">\n\t\t\t\t<div class=\"elementor-widget-container\">\n\t\t\t\t\t\t\t\t\t<p>ventas@strenainmobiliaria.com<\/p>\t\t\t\t\t\t\t\t<\/div>\n\t\t\t\t<\/div>\n\t\t\t\t<div class=\"elementor-element elementor-element-f000fc4 elementor-widget elementor-widget-text-editor\" data-id=\"f000fc4\" data-element_type=\"widget\" data-widget_type=\"text-editor.default\">\n\t\t\t\t<div class=\"elementor-widget-container\">\n\t\t\t\t\t\t\t\t\t<p>+51 936 655 106<\/p>\t\t\t\t\t\t\t\t<\/div>\n\t\t\t\t<\/div>\n\t\t\t\t<\/div>\n\t\t<div class=\"elementor-element elementor-element-b3f24b6 e-con-full e-flex e-con e-child\" data-id=\"b3f24b6\" data-element_type=\"container\">\n\t\t\t\t<div class=\"elementor-element elementor-element-e304154 elementor-widget elementor-widget-heading\" data-id=\"e304154\" data-element_type=\"widget\" data-widget_type=\"heading.default\">\n\t\t\t\t<div class=\"elementor-widget-container\">\n\t\t\t\t\t<h6 class=\"elementor-heading-title elementor-size-default\">DIRECCI\u00d3N<\/h6>\t\t\t\t<\/div>\n\t\t\t\t<\/div>\n\t\t\t\t<div class=\"elementor-element elementor-element-fdb8c15 elementor-widget elementor-widget-text-editor\" data-id=\"fdb8c15\" data-element_type=\"widget\" data-widget_type=\"text-editor.default\">\n\t\t\t\t<div class=\"elementor-widget-container\">\n\t\t\t\t\t\t\t\t\t<p>Pasaje Para\u00edso 113 &#8211; Miraflores<\/p>\t\t\t\t\t\t\t\t<\/div>\n\t\t\t\t<\/div>\n\t\t\t\t<\/div>\n\t\t<div class=\"elementor-element elementor-element-b916294 e-con-full e-flex e-con e-child\" data-id=\"b916294\" data-element_type=\"container\">\n\t\t\t\t<div class=\"elementor-element elementor-element-fb59917 elementor-widget elementor-widget-heading\" data-id=\"fb59917\" data-element_type=\"widget\" data-widget_type=\"heading.default\">\n\t\t\t\t<div class=\"elementor-widget-container\">\n\t\t\t\t\t<h6 class=\"elementor-heading-title elementor-size-default\">HORARIO DE SALA DE VENTAS<\/h6>\t\t\t\t<\/div>\n\t\t\t\t<\/div>\n\t\t\t\t<div class=\"elementor-element elementor-element-6645884 elementor-widget elementor-widget-text-editor\" data-id=\"6645884\" data-element_type=\"widget\" data-widget_type=\"text-editor.default\">\n\t\t\t\t<div class=\"elementor-widget-container\">\n\t\t\t\t\t\t\t\t\t<p>Lunes a Domingo de 7:00 a.m &#8211; 7:00 p.m<\/p>\t\t\t\t\t\t\t\t<\/div>\n\t\t\t\t<\/div>\n\t\t\t\t<\/div>\n\t\t\t\t<\/div>\n\t\t\t\t<\/div>\n\t\t<div class=\"elementor-element elementor-element-f8e044c e-con-full e-flex e-con e-child\" data-id=\"f8e044c\" data-element_type=\"container\">\n\t\t<div class=\"elementor-element elementor-element-c22a72b e-con-full e-flex e-con e-child\" data-id=\"c22a72b\" data-element_type=\"container\">\n\t\t\t\t<div class=\"elementor-element elementor-element-7327ce9 elementor-widget elementor-widget-heading\" data-id=\"7327ce9\" data-element_type=\"widget\" data-widget_type=\"heading.default\">\n\t\t\t\t<div class=\"elementor-widget-container\">\n\t\t\t\t\t<h6 class=\"elementor-heading-title elementor-size-default\">Pol\u00edtica de Privacidad<\/h6>\t\t\t\t<\/div>\n\t\t\t\t<\/div>\n\t\t\t\t<\/div>\n\t\t<div class=\"elementor-element elementor-element-6eeb65b e-con-full e-flex e-con e-child\" data-id=\"6eeb65b\" data-element_type=\"container\">\n\t\t\t\t<div class=\"elementor-element elementor-element-ccd8d9a elementor-widget elementor-widget-heading\" data-id=\"ccd8d9a\" data-element_type=\"widget\" data-widget_type=\"heading.default\">\n\t\t\t\t<div class=\"elementor-widget-container\">\n\t\t\t\t\t<h6 class=\"elementor-heading-title elementor-size-default\">Libro de reclamaciones<\/h6>\t\t\t\t<\/div>\n\t\t\t\t<\/div>\n\t\t\t\t<\/div>\n\t\t\t\t<\/div>\n\t\t\t\t<\/div>\n\t\t\t\t<\/div>\n\t\t\n    <div class=\"xs_social_share_widget xs_share_url after_content \t\tmain_content  wslu-style-1 wslu-share-box-shaped wslu-fill-colored wslu-none wslu-share-horizontal wslu-theme-font-no wslu-main_content\">\n\n\t\t\n        <ul>\n\t\t\t        <\/ul>\n    <\/div> \n","protected":false},"excerpt":{"rendered":"<p>Politicas de privacidad La presente recoge las Pol\u00edticas de Privacidad de Strena Inmobiliaria e informa sobre el tratamiento de los datos personales de posibles clientes e interesados en los productos de la inmobiliaria, en cumplimiento de la Ley N\u00b0 29733, Ley de Protecci\u00f3n de Datos Personales y su Reglamento aprobado por el Decreto Supremo N\u00b0 [&hellip;]<\/p>\n","protected":false},"author":1,"featured_media":0,"parent":0,"menu_order":0,"comment_status":"closed","ping_status":"closed","template":"elementor_canvas","meta":{"postBodyCss":"","postBodyMargin":[],"postBodyPadding":[],"postBodyBackground":{"backgroundType":"classic","gradient":""},"footnotes":""},"class_list":["post-1867","page","type-page","status-publish","hentry"],"_links":{"self":[{"href":"https:\/\/strenainmobiliaria.com\/index.php\/wp-json\/wp\/v2\/pages\/1867","targetHints":{"allow":["GET"]}}],"collection":[{"href":"https:\/\/strenainmobiliaria.com\/index.php\/wp-json\/wp\/v2\/pages"}],"about":[{"href":"https:\/\/strenainmobiliaria.com\/index.php\/wp-json\/wp\/v2\/types\/page"}],"author":[{"embeddable":true,"href":"https:\/\/strenainmobiliaria.com\/index.php\/wp-json\/wp\/v2\/users\/1"}],"replies":[{"embeddable":true,"href":"https:\/\/strenainmobiliaria.com\/index.php\/wp-json\/wp\/v2\/comments?post=1867"}],"version-history":[{"count":0,"href":"https:\/\/strenainmobiliaria.com\/index.php\/wp-json\/wp\/v2\/pages\/1867\/revisions"}],"wp:attachment":[{"href":"https:\/\/strenainmobiliaria.com\/index.php\/wp-json\/wp\/v2\/media?parent=1867"}],"curies":[{"name":"wp","href":"https:\/\/api.w.org\/{rel}","templated":true}]}}